{"id":127,"date":"2015-03-11T15:39:17","date_gmt":"2015-03-11T14:39:17","guid":{"rendered":"http:\/\/gartenkoelsch.de\/gartenkoelsch\/?page_id=127"},"modified":"2018-05-23T20:30:19","modified_gmt":"2018-05-23T18:30:19","slug":"das-infopult","status":"publish","type":"page","link":"https:\/\/gartenkoelsch.de\/?page_id=127","title":{"rendered":"Infopult"},"content":{"rendered":"<p><a href=\"https:\/\/gartenkoelsch.de\/infopult\/index.html\" target=\"_blank\" rel=\"noopener\"><img loading=\"lazy\" decoding=\"async\" class=\"alignleft wp-image-163 size-medium\" src=\"https:\/\/gartenkoelsch.de\/wp-content\/uploads\/2015\/03\/gartenkoelsch1000-300x170.png\" alt=\"Infopult Garten K\u00f6lsch\" width=\"300\" height=\"170\" srcset=\"https:\/\/gartenkoelsch.de\/wp-content\/uploads\/2015\/03\/gartenkoelsch1000-300x170.png 300w, https:\/\/gartenkoelsch.de\/wp-content\/uploads\/2015\/03\/gartenkoelsch1000-624x353.png 624w, https:\/\/gartenkoelsch.de\/wp-content\/uploads\/2015\/03\/gartenkoelsch1000.png 1000w\" sizes=\"auto, (max-width: 300px) 100vw, 300px\" \/><\/a>Hier sehen Sie eine Abbildung des Infopults, wie es auch im Garten K\u00f6lsch steht. Ein Klick auf die Abbildung \u00f6ffnet ein neues Fenster, das Ihnen Einblicke in die Pflanzen der einzelnen Beete er\u00f6ffnet.<\/p>\n","protected":false},"excerpt":{"rendered":"<p>Hier sehen Sie eine Abbildung des Infopults, wie es auch im Garten K\u00f6lsch steht. Ein Klick auf die Abbildung \u00f6ffnet ein neues Fenster, das Ihnen Einblicke in die Pflanzen der einzelnen Beete er\u00f6ffnet.<\/p>\n","protected":false},"author":1,"featured_media":0,"parent":0,"menu_order":0,"comment_status":"closed","ping_status":"closed","template":"page-templates\/full-width.php","meta":{"footnotes":""},"class_list":["post-127","page","type-page","status-publish","hentry"],"_links":{"self":[{"href":"https:\/\/gartenkoelsch.de\/index.php?rest_route=\/wp\/v2\/pages\/127","targetHints":{"allow":["GET"]}}],"collection":[{"href":"https:\/\/gartenkoelsch.de\/index.php?rest_route=\/wp\/v2\/pages"}],"about":[{"href":"https:\/\/gartenkoelsch.de\/index.php?rest_route=\/wp\/v2\/types\/page"}],"author":[{"embeddable":true,"href":"https:\/\/gartenkoelsch.de\/index.php?rest_route=\/wp\/v2\/users\/1"}],"replies":[{"embeddable":true,"href":"https:\/\/gartenkoelsch.de\/index.php?rest_route=%2Fwp%2Fv2%2Fcomments&post=127"}],"version-history":[{"count":30,"href":"https:\/\/gartenkoelsch.de\/index.php?rest_route=\/wp\/v2\/pages\/127\/revisions"}],"predecessor-version":[{"id":489,"href":"https:\/\/gartenkoelsch.de\/index.php?rest_route=\/wp\/v2\/pages\/127\/revisions\/489"}],"wp:attachment":[{"href":"https:\/\/gartenkoelsch.de\/index.php?rest_route=%2Fwp%2Fv2%2Fmedia&parent=127"}],"curies":[{"name":"wp","href":"https:\/\/api.w.org\/{rel}","templated":true}]}}