{"id":26,"date":"2015-03-10T17:41:23","date_gmt":"2015-03-10T16:41:23","guid":{"rendered":"http:\/\/gartenkoelsch.de\/gartenkoelsch\/?page_id=26"},"modified":"2018-01-16T13:08:18","modified_gmt":"2018-01-16T12:08:18","slug":"kontakt-und-impressum","status":"publish","type":"page","link":"https:\/\/gartenkoelsch.de\/?page_id=26","title":{"rendered":"Impressum"},"content":{"rendered":"<div class=\"entry-content\">\n<p><a href=\"http:\/\/gartenkoelsch.de\/wp-content\/uploads\/2015\/03\/big_13839440_0_129-250.jpg\"><img loading=\"lazy\" decoding=\"async\" class=\" size-full wp-image-85 alignleft\" src=\"http:\/\/gartenkoelsch.de\/wp-content\/uploads\/2015\/03\/big_13839440_0_129-250.jpg\" alt=\"big_13839440_0_129-250\" width=\"129\" height=\"250\" \/><\/a>Verantwortlich f\u00fcr den Inhalt der Internetpr\u00e4sentation:<br \/>\nB\u00fcrgerforum Steinernes Haus<br \/>\nF\u00f6rderkreis Altstadt B\u00fcdingen e.V.<br \/>\nAm Junkerngarten 19<br \/>\n63654 B\u00fcdingen<br \/>\n<a title=\"B\u00fcrgerforum Steinernes Haus e.V.\" href=\"http:\/\/www.buergerforum-steinerneshaus.de\" target=\"_blank\" rel=\"noopener\">www.buergerforum-steinerneshaus.de<\/a><br \/>\n<a href=\"mailto:contact@buergerforum-steinerneshaus.de\">contact@buergerforum-steinerneshaus.de<\/a><\/p>\n<p>1. Vorsitzender Hubertus Protz<br \/>\n2. Vorsitzender Karl-Heinz Trebing<\/p>\n<p>&nbsp;<\/p>\n<p>Der Verein ist beim Amtsgericht Friedberg unter der Vereinsregisternummer VR 2419 eingetragen.<\/p>\n<p>Wir danken Dieter Turner und Christiane Braunwarth f\u00fcr viele sch\u00f6ne Fotos auf unserer Homepage.<\/p>\n<p>+++<\/p>\n<p><strong>Allgemeine Hinweise<\/strong><br \/>\nEs wurde alle Sorgfalt aufgewendet, die Richtigkeit und Vollst\u00e4ndigkeit der enthaltenen Informationen sicher zu stellen. Eventuelle Fehler sind dennoch nicht auszuschlie\u00dfen. Das B\u00fcrgerforum Steinernes Haus kann daher nicht f\u00fcr Sch\u00e4den haftbar gemacht werden, die in Zusammenhang mit der Verwendung dieser Inhalte stehen.<\/p>\n<p><strong>Haftungsausschluss, Haftung<\/strong><br \/>\nDas B\u00fcrgerforum Steinernes Haus \u00fcbernimmt keinerlei Gew\u00e4hr f\u00fcr die Aktualit\u00e4t, Korrektheit, Vollst\u00e4ndigkeit oder Qualit\u00e4t der bereitgestellten Informationen. Haftungsanspr\u00fcche gegen\u00fcber dem B\u00fcrgerforum Steinernes Haus, die sich auf Sch\u00e4den materieller oder ideeller Art beziehen, welche durch die Nutzung oder Nichtnutzung der dargebotenen Informationen bzw. durch die Nutzung fehlerhafter und unvollst\u00e4ndiger Informationen verursacht wurden, sind grunds\u00e4tzlich ausgeschlossen, sofern seitens des B\u00fcrgerforums Steinernes Haus kein nachweislich vors\u00e4tzliches oder grob fahrl\u00e4ssiges Verschulden vorliegt. Alle Angebote sind freibleibend und unverbindlich. Das B\u00fcrgerforum Steinernes Haus beh\u00e4lt es sich ausdr\u00fccklich vor, Teile der Seiten oder das gesamte Angebot ohne gesonderte Ank\u00fcndigung zu ver\u00e4ndern, zu erg\u00e4nzen, zu l\u00f6schen oder die Ver\u00f6ffentlichung zeitweise oder endg\u00fcltig einzustellen.<\/p>\n<p><strong>Urheberrecht<\/strong><br \/>\nDas B\u00fcrgerforum Steinernes Haus ist bestrebt, in allen Publikationen die Urheberrechte der verwendeten Grafiken, Tondokumente, Videosequenzen und Texte zu beachten, von ihr selbst erstellte Grafiken, Tondokumente, Videosequenzen und Texte zu nutzen oder auf lizenzfreie Grafiken, Tondokumente, Videosequenzen und Texte zur\u00fcckzugreifen. Das Copyright f\u00fcr ver\u00f6ffentlichte, vom B\u00fcrgerforum Steinernes Haus selbst erstellte Objekte bleibt allein bei dem B\u00fcrgerforum Steinernes Haus. Eine Vervielf\u00e4ltigung oder Verwendung solcher Grafiken, Tondokumente, Videosequenzen und Texte in anderen elektronischen oder gedruckten Publikationen ist ohne ausdr\u00fcckliche Zustimmung des B\u00fcrgerforums Steinernes Haus nicht gestattet.<\/p>\n<p><strong>Datenschutz<\/strong><\/p>\n<p>Die Betreiber dieser Seiten nehmen den Schutz Ihrer pers\u00f6nlichen Daten sehr ernst. Wir behandeln Ihre personenbezogenen Daten vertraulich und entsprechend der gesetzlichen Datenschutzvorschriften sowie dieser Datenschutzerkl\u00e4rung.<\/p>\n<p>Die Nutzung unserer Webseite ist in der Regel ohne Angabe personenbezogener Daten m\u00f6glich. Soweit auf unseren Seiten personenbezogene Daten (beispielsweise Name, Anschrift oder E-Mail-Adressen) erhoben werden, erfolgt dies, soweit m\u00f6glich, stets auf freiwilliger Basis. Diese Daten werden ohne Ihre ausdr\u00fcckliche Zustimmung nicht an Dritte weitergegeben.<\/p>\n<p>Wir weisen darauf hin, dass die Daten\u00fcbertragung im Internet (z.B. bei der Kommunikation per E-Mail) Sicherheitsl\u00fccken aufweisen kann. Ein l\u00fcckenloser Schutz der Daten vor dem Zugriff durch Dritte ist nicht m\u00f6glich.<\/p>\n<p><strong>Cookies<\/strong><\/p>\n<p>Die Internetseiten verwenden teilweise so genannte Cookies. Cookies richten auf Ihrem Rechner keinen Schaden an und enthalten keine Viren. Cookies dienen dazu, unser Angebot nutzerfreundlicher, effektiver und sicherer zu machen. Cookies sind kleine Textdateien, die auf Ihrem Rechner abgelegt werden und die Ihr Browser speichert.<\/p>\n<p>Die meisten der von uns verwendeten Cookies sind so genannte \u201eSession-Cookies\u201c. Sie werden nach Ende Ihres Besuchs automatisch gel\u00f6scht. Andere Cookies bleiben auf Ihrem Endger\u00e4t gespeichert, bis Sie diese l\u00f6schen. Diese Cookies erm\u00f6glichen es uns, Ihren Browser beim n\u00e4chsten Besuch wiederzuerkennen.<\/p>\n<p>Sie k\u00f6nnen Ihren Browser so einstellen, dass Sie \u00fcber das Setzen von Cookies informiert werden und Cookies nur im Einzelfall erlauben, die Annahme von Cookies f\u00fcr bestimmte F\u00e4lle oder generell ausschlie\u00dfen sowie das automatische L\u00f6schen der Cookies beim Schlie\u00dfen des Browser aktivieren. Bei der Deaktivierung von Cookies kann die Funktionalit\u00e4t dieser Website eingeschr\u00e4nkt sein.<\/p>\n<p>Quelle Datenschutz: eRecht24.de<\/p>\n<\/div>\n","protected":false},"excerpt":{"rendered":"<p>Verantwortlich f\u00fcr den Inhalt der Internetpr\u00e4sentation: B\u00fcrgerforum Steinernes Haus F\u00f6rderkreis Altstadt B\u00fcdingen e.V. Am Junkerngarten 19 63654 B\u00fcdingen www.buergerforum-steinerneshaus.de contact@buergerforum-steinerneshaus.de 1. Vorsitzender Hubertus Protz 2. Vorsitzender Karl-Heinz Trebing &nbsp; Der Verein ist beim Amtsgericht Friedberg unter der Vereinsregisternummer VR 2419 eingetragen. Wir danken Dieter Turner und Christiane Braunwarth f\u00fcr viele sch\u00f6ne Fotos auf unserer Homepage. [&hellip;]<\/p>\n","protected":false},"author":1,"featured_media":0,"parent":0,"menu_order":0,"comment_status":"closed","ping_status":"closed","template":"","meta":{"footnotes":""},"class_list":["post-26","page","type-page","status-publish","hentry"],"_links":{"self":[{"href":"https:\/\/gartenkoelsch.de\/index.php?rest_route=\/wp\/v2\/pages\/26","targetHints":{"allow":["GET"]}}],"collection":[{"href":"https:\/\/gartenkoelsch.de\/index.php?rest_route=\/wp\/v2\/pages"}],"about":[{"href":"https:\/\/gartenkoelsch.de\/index.php?rest_route=\/wp\/v2\/types\/page"}],"author":[{"embeddable":true,"href":"https:\/\/gartenkoelsch.de\/index.php?rest_route=\/wp\/v2\/users\/1"}],"replies":[{"embeddable":true,"href":"https:\/\/gartenkoelsch.de\/index.php?rest_route=%2Fwp%2Fv2%2Fcomments&post=26"}],"version-history":[{"count":16,"href":"https:\/\/gartenkoelsch.de\/index.php?rest_route=\/wp\/v2\/pages\/26\/revisions"}],"predecessor-version":[{"id":482,"href":"https:\/\/gartenkoelsch.de\/index.php?rest_route=\/wp\/v2\/pages\/26\/revisions\/482"}],"wp:attachment":[{"href":"https:\/\/gartenkoelsch.de\/index.php?rest_route=%2Fwp%2Fv2%2Fmedia&parent=26"}],"curies":[{"name":"wp","href":"https:\/\/api.w.org\/{rel}","templated":true}]}}