{"id":287,"date":"2015-07-26T11:39:12","date_gmt":"2015-07-26T09:39:12","guid":{"rendered":"http:\/\/gartenkoelsch.de\/?page_id=287"},"modified":"2015-07-26T11:39:12","modified_gmt":"2015-07-26T09:39:12","slug":"besuch-der-gartenschau-in-alzenau","status":"publish","type":"page","link":"https:\/\/gartenkoelsch.de\/?page_id=287","title":{"rendered":"Besuch der Gartenschau in Alzenau"},"content":{"rendered":"<p><a href=\"http:\/\/gartenkoelsch.de\/wp-content\/uploads\/2015\/07\/P1080385.jpg\"><img loading=\"lazy\" decoding=\"async\" class=\"alignnone size-full wp-image-288\" src=\"http:\/\/gartenkoelsch.de\/wp-content\/uploads\/2015\/07\/P1080385.jpg\" alt=\"P1080385\" width=\"1000\" height=\"750\" srcset=\"https:\/\/gartenkoelsch.de\/wp-content\/uploads\/2015\/07\/P1080385.jpg 1000w, https:\/\/gartenkoelsch.de\/wp-content\/uploads\/2015\/07\/P1080385-300x225.jpg 300w, https:\/\/gartenkoelsch.de\/wp-content\/uploads\/2015\/07\/P1080385-624x468.jpg 624w\" sizes=\"auto, (max-width: 1000px) 100vw, 1000px\" \/><\/a>Am Samstag, den 25.07.2015 besuchten die Mitglieder der Pflegegruppe die Gartenschau in Alzenau. Sie wurden dort von Rainer Sch\u00fcssler gef\u00fchrt, der die Gruppe mit interessantem Hintergrundwissen \u00fcber das Gartenschaugel\u00e4nde gef\u00fchrt hat. Herr Sch\u00fcssler wird als Leiter des Bauhofes nach der Gartenschau f\u00fcr die Pflege der Anlagen zust\u00e4ndig sein.<\/p>\n<p><a href=\"http:\/\/gartenkoelsch.de\/wp-content\/uploads\/2015\/07\/P1080396.jpg\"><img loading=\"lazy\" decoding=\"async\" class=\"alignnone size-full wp-image-289\" src=\"http:\/\/gartenkoelsch.de\/wp-content\/uploads\/2015\/07\/P1080396.jpg\" alt=\"P1080396\" width=\"1000\" height=\"750\" srcset=\"https:\/\/gartenkoelsch.de\/wp-content\/uploads\/2015\/07\/P1080396.jpg 1000w, https:\/\/gartenkoelsch.de\/wp-content\/uploads\/2015\/07\/P1080396-300x225.jpg 300w, https:\/\/gartenkoelsch.de\/wp-content\/uploads\/2015\/07\/P1080396-624x468.jpg 624w\" sizes=\"auto, (max-width: 1000px) 100vw, 1000px\" \/><\/a><\/p>\n<div id=\"attachment_290\" style=\"width: 1010px\" class=\"wp-caption alignnone\"><a href=\"http:\/\/gartenkoelsch.de\/wp-content\/uploads\/2015\/07\/P1080409.jpg\"><img loading=\"lazy\" decoding=\"async\" aria-describedby=\"caption-attachment-290\" class=\"size-full wp-image-290\" src=\"http:\/\/gartenkoelsch.de\/wp-content\/uploads\/2015\/07\/P1080409.jpg\" alt=\"Besonderen Gefallen fand die Kneippanlage, die Einige mit Freude ausprobiert haben.\" width=\"1000\" height=\"750\" srcset=\"https:\/\/gartenkoelsch.de\/wp-content\/uploads\/2015\/07\/P1080409.jpg 1000w, https:\/\/gartenkoelsch.de\/wp-content\/uploads\/2015\/07\/P1080409-300x225.jpg 300w, https:\/\/gartenkoelsch.de\/wp-content\/uploads\/2015\/07\/P1080409-624x468.jpg 624w\" sizes=\"auto, (max-width: 1000px) 100vw, 1000px\" \/><\/a><p id=\"caption-attachment-290\" class=\"wp-caption-text\">Besonderen Gefallen fand die Kneippanlage, die Einige mit Freude ausprobiert haben.<\/p><\/div>\n<p><a href=\"http:\/\/gartenkoelsch.de\/wp-content\/uploads\/2015\/07\/P1080411.jpg\"><img loading=\"lazy\" decoding=\"async\" class=\"alignnone size-full wp-image-291\" src=\"http:\/\/gartenkoelsch.de\/wp-content\/uploads\/2015\/07\/P1080411.jpg\" alt=\"P1080411\" width=\"1000\" height=\"750\" srcset=\"https:\/\/gartenkoelsch.de\/wp-content\/uploads\/2015\/07\/P1080411.jpg 1000w, https:\/\/gartenkoelsch.de\/wp-content\/uploads\/2015\/07\/P1080411-300x225.jpg 300w, https:\/\/gartenkoelsch.de\/wp-content\/uploads\/2015\/07\/P1080411-624x468.jpg 624w\" sizes=\"auto, (max-width: 1000px) 100vw, 1000px\" \/><\/a><\/p>\n","protected":false},"excerpt":{"rendered":"<p>Am Samstag, den 25.07.2015 besuchten die Mitglieder der Pflegegruppe die Gartenschau in Alzenau. Sie wurden dort von Rainer Sch\u00fcssler gef\u00fchrt, der die Gruppe mit interessantem Hintergrundwissen \u00fcber das Gartenschaugel\u00e4nde gef\u00fchrt hat. Herr Sch\u00fcssler wird als Leiter des Bauhofes nach der Gartenschau f\u00fcr die Pflege der Anlagen zust\u00e4ndig sein.<\/p>\n","protected":false},"author":1,"featured_media":0,"parent":0,"menu_order":0,"comment_status":"closed","ping_status":"closed","template":"","meta":{"footnotes":""},"class_list":["post-287","page","type-page","status-publish","hentry"],"_links":{"self":[{"href":"https:\/\/gartenkoelsch.de\/index.php?rest_route=\/wp\/v2\/pages\/287","targetHints":{"allow":["GET"]}}],"collection":[{"href":"https:\/\/gartenkoelsch.de\/index.php?rest_route=\/wp\/v2\/pages"}],"about":[{"href":"https:\/\/gartenkoelsch.de\/index.php?rest_route=\/wp\/v2\/types\/page"}],"author":[{"embeddable":true,"href":"https:\/\/gartenkoelsch.de\/index.php?rest_route=\/wp\/v2\/users\/1"}],"replies":[{"embeddable":true,"href":"https:\/\/gartenkoelsch.de\/index.php?rest_route=%2Fwp%2Fv2%2Fcomments&post=287"}],"version-history":[{"count":1,"href":"https:\/\/gartenkoelsch.de\/index.php?rest_route=\/wp\/v2\/pages\/287\/revisions"}],"predecessor-version":[{"id":292,"href":"https:\/\/gartenkoelsch.de\/index.php?rest_route=\/wp\/v2\/pages\/287\/revisions\/292"}],"wp:attachment":[{"href":"https:\/\/gartenkoelsch.de\/index.php?rest_route=%2Fwp%2Fv2%2Fmedia&parent=287"}],"curies":[{"name":"wp","href":"https:\/\/api.w.org\/{rel}","templated":true}]}}