{"id":325,"date":"2016-05-09T22:06:08","date_gmt":"2016-05-09T20:06:08","guid":{"rendered":"http:\/\/gartenkoelsch.de\/?page_id=325"},"modified":"2016-07-26T19:53:55","modified_gmt":"2016-07-26T17:53:55","slug":"sonne-mond-und-kunstgenuss","status":"publish","type":"page","link":"https:\/\/gartenkoelsch.de\/?page_id=325","title":{"rendered":"Sonne, Mond und Kunstgenuss"},"content":{"rendered":"<link rel=\"stylesheet\" href=\"https:\/\/gartenkoelsch.de\/wp-content\/plugins\/image-slider-with-description\/style\/style.css\" type=\"text\/css\" \/><style type=\"text\/css\"> div#header_hotslider div.wrap-ImgSlider { width:900px; margin:0 auto; text-align:left; } div#top div#nav { float:left; clear:both; width:900px; height:52px; margin:22px 0 0; } div#header_hotslider div.wrap-ImgSlider { height:500px; background:#f7f7f7; } div#header_hotslider div#slide-holder { width:900px; height:500px; position:absolute; } div#header_hotslider div#slide-holder div#slide-runner { top:1.5px; left:1.5px; width:897px; height:497px; overflow:hidden; position:absolute; } div#header_hotslider div#slide-holder div#slide-controls { left:0; top:10px; width:897px; height:46px; display:none; position:absolute; background:url(https:\/\/gartenkoelsch.de\/wp-content\/plugins\/image-slider-with-description\/images\/slide-bg.png) 0 0; }div#header_hotslider div#slide-holder div#slide-controls div#slide-nav { float:right; } p.textdesc { float:left; color:#fff; display:inline; font-size:10px; line-height:16px; margin:15px 0 0 20px; text-transform:uppercase; overflow:hidden; color:#000000; } div#header_hotslider div#slide-holder div#slide-controls div#slide-nav a { background-image:url(https:\/\/gartenkoelsch.de\/wp-content\/plugins\/image-slider-with-description\/images\/slide-nav-yellow.png); color:#fff; top:11px; position:relative; text-decoration: none; } <\/style> <div id=\"header_hotslider\"><div class=\"wrap-ImgSlider\"><div id=\"slide-holder\"><div id=\"slide-runner\"><a href=\"#\" target=\"_blank\"><img decoding=\"async\" id=\"slide-img-1\" src=\"http:\/\/gartenkoelsch.de\/wp-content\/uploads\/2016\/07\/Sonne-Mond-Kunstgenuss-01.jpg\" class=\"slide\" alt=\"Sonne, Mond und Kunstgenuss\"><\/a><a href=\"#\" target=\"_blank\"><img decoding=\"async\" id=\"slide-img-2\" src=\"http:\/\/gartenkoelsch.de\/wp-content\/uploads\/2016\/07\/Sonne-Mond-Kunstgenuss-02.jpg\" class=\"slide\" alt=\"Sonne, Mond und Kunstgenuss\"><\/a><a href=\"#\" target=\"_blank\"><img decoding=\"async\" id=\"slide-img-3\" src=\"http:\/\/gartenkoelsch.de\/wp-content\/uploads\/2016\/07\/Sonne-Mond-Kunstgenuss-03.jpg\" class=\"slide\" alt=\"Sonne, Mond und Kunstgenuss\"><\/a><a href=\"#\" target=\"_blank\"><img decoding=\"async\" id=\"slide-img-4\" src=\"http:\/\/gartenkoelsch.de\/wp-content\/uploads\/2016\/07\/Sonne-Mond-Kunstgenuss-04.jpg\" class=\"slide\" alt=\"Sonne, Mond und Kunstgenuss\"><\/a><a href=\"#\" target=\"_blank\"><img decoding=\"async\" id=\"slide-img-5\" src=\"http:\/\/gartenkoelsch.de\/wp-content\/uploads\/2016\/07\/Sonne-Mond-Kunstgenuss-05.jpg\" class=\"slide\" alt=\"Sonne, Mond und Kunstgenuss\"><\/a><a href=\"#\" target=\"_blank\"><img decoding=\"async\" id=\"slide-img-6\" src=\"http:\/\/gartenkoelsch.de\/wp-content\/uploads\/2016\/07\/Sonne-Mond-Kunstgenuss-06.jpg\" class=\"slide\" alt=\"Sonne, Mond und Kunstgenuss\"><\/a><a href=\"#\" target=\"_blank\"><img decoding=\"async\" id=\"slide-img-7\" src=\"http:\/\/gartenkoelsch.de\/wp-content\/uploads\/2016\/07\/Sonne-Mond-Kunstgenuss-07.jpg\" class=\"slide\" alt=\"Sonne, Mond und Kunstgenuss\"><\/a><a href=\"#\" target=\"_blank\"><img decoding=\"async\" id=\"slide-img-8\" src=\"http:\/\/gartenkoelsch.de\/wp-content\/uploads\/2016\/07\/Sonne-Mond-Kunstgenuss-08.jpg\" class=\"slide\" alt=\"Sonne, Mond und Kunstgenuss\"><\/a><a href=\"#\" target=\"_blank\"><img decoding=\"async\" id=\"slide-img-9\" src=\"http:\/\/gartenkoelsch.de\/wp-content\/uploads\/2016\/07\/Sonne-Mond-Kunstgenuss-09.jpg\" class=\"slide\" alt=\"Sonne, Mond und Kunstgenuss\"><\/a><a href=\"#\" target=\"_blank\"><img decoding=\"async\" id=\"slide-img-10\" src=\"http:\/\/gartenkoelsch.de\/wp-content\/uploads\/2016\/07\/Sonne-Mond-Kunstgenuss-10.jpg\" class=\"slide\" alt=\"Sonne, Mond und Kunstgenuss\"><\/a><a href=\"#\" target=\"_blank\"><img decoding=\"async\" id=\"slide-img-11\" src=\"http:\/\/gartenkoelsch.de\/wp-content\/uploads\/2016\/07\/Sonne-Mond-Kunstgenuss-11.jpg\" class=\"slide\" alt=\"Sonne, Mond und Kunstgenuss\"><\/a><a href=\"#\" target=\"_blank\"><img decoding=\"async\" id=\"slide-img-12\" src=\"http:\/\/gartenkoelsch.de\/wp-content\/uploads\/2016\/07\/Sonne-Mond-Kunstgenuss-12.jpg\" class=\"slide\" alt=\"Sonne, Mond und Kunstgenuss\"><\/a><a href=\"#\" target=\"_blank\"><img decoding=\"async\" id=\"slide-img-13\" src=\"http:\/\/gartenkoelsch.de\/wp-content\/uploads\/2016\/07\/Sonne-Mond-Kunstgenuss-13jpg.jpg\" class=\"slide\" alt=\"Sonne, Mond und Kunstgenuss\"><\/a><a href=\"#\" target=\"_blank\"><img decoding=\"async\" id=\"slide-img-14\" src=\"http:\/\/gartenkoelsch.de\/wp-content\/uploads\/2016\/07\/Sonne-Mond-Kunstgenuss-15.jpg\" class=\"slide\" alt=\"Sonne, Mond und Kunstgenuss\"><\/a><a href=\"#\" target=\"_blank\"><img decoding=\"async\" id=\"slide-img-15\" src=\"http:\/\/gartenkoelsch.de\/wp-content\/uploads\/2016\/07\/Sonne-Mond-Kunstgenuss-16.jpg\" class=\"slide\" alt=\"Sonne, Mond und Kunstgenuss\"><\/a><a href=\"#\" target=\"_blank\"><img decoding=\"async\" id=\"slide-img-16\" src=\"http:\/\/gartenkoelsch.de\/wp-content\/uploads\/2016\/07\/Sonne-Mond-Kunstgenuss-17.jpg\" class=\"slide\" alt=\"Sonne, Mond und Kunstgenuss\"><\/a><a href=\"#\" target=\"_blank\"><img decoding=\"async\" id=\"slide-img-17\" src=\"http:\/\/gartenkoelsch.de\/wp-content\/uploads\/2016\/07\/Sonne-Mond-Kunstgenuss-18.jpg\" class=\"slide\" alt=\"Sonne, Mond und Kunstgenuss\"><\/a><a href=\"#\" target=\"_blank\"><img decoding=\"async\" id=\"slide-img-18\" src=\"http:\/\/gartenkoelsch.de\/wp-content\/uploads\/2016\/07\/Sonne-Mond-Kunstgenuss-20.jpg\" class=\"slide\" alt=\"Sonne, Mond und Kunstgenuss\"><\/a><a href=\"#\" target=\"_blank\"><img decoding=\"async\" id=\"slide-img-19\" src=\"http:\/\/gartenkoelsch.de\/wp-content\/uploads\/2016\/07\/Sonne-Mond-Kunstgenuss-21.jpg\" class=\"slide\" alt=\"Sonne, Mond und Kunstgenuss\"><\/a><a href=\"#\" target=\"_blank\"><img decoding=\"async\" id=\"slide-img-20\" src=\"http:\/\/gartenkoelsch.de\/wp-content\/uploads\/2016\/07\/Sonne-Mond-Kunstgenuss-23.jpg\" class=\"slide\" alt=\"Sonne, Mond und Kunstgenuss\"><\/a><a href=\"#\" target=\"_blank\"><img decoding=\"async\" id=\"slide-img-21\" src=\"http:\/\/gartenkoelsch.de\/wp-content\/uploads\/2016\/07\/Sonne-Mond-Kunstgenuss-24.jpg\" class=\"slide\" alt=\"Sonne, Mond und Kunstgenuss\"><\/a><a href=\"#\" target=\"_blank\"><img decoding=\"async\" id=\"slide-img-22\" src=\"http:\/\/gartenkoelsch.de\/wp-content\/uploads\/2016\/07\/Sonne-Mond-Kunstgenuss-25.jpg\" class=\"slide\" alt=\"Sonne, Mond und Kunstgenuss\"><\/a><a href=\"#\" target=\"_blank\"><img decoding=\"async\" id=\"slide-img-23\" src=\"http:\/\/gartenkoelsch.de\/wp-content\/uploads\/2016\/07\/Sonne-Mond-Kunstgenuss-26.jpg\" class=\"slide\" alt=\"Sonne, Mond und Kunstgenuss\"><\/a><a href=\"#\" target=\"_blank\"><img decoding=\"async\" id=\"slide-img-24\" src=\"http:\/\/gartenkoelsch.de\/wp-content\/uploads\/2016\/07\/Sonne-Mond-Kunstgenuss-27.jpg\" class=\"slide\" alt=\"Sonne, Mond und Kunstgenuss\"><\/a><a href=\"#\" target=\"_blank\"><img decoding=\"async\" id=\"slide-img-25\" src=\"http:\/\/gartenkoelsch.de\/wp-content\/uploads\/2016\/07\/Sonne-Mond-Kunstgenuss-28.jpg\" class=\"slide\" alt=\"Sonne, Mond und Kunstgenuss\"><\/a><a href=\"#\" target=\"_blank\"><img decoding=\"async\" id=\"slide-img-26\" src=\"http:\/\/gartenkoelsch.de\/wp-content\/uploads\/2016\/07\/Sonne-Mond-Kunstgenuss-29.jpg\" class=\"slide\" alt=\"Sonne, Mond und Kunstgenuss\"><\/a><a href=\"#\" target=\"_blank\"><img decoding=\"async\" id=\"slide-img-27\" src=\"http:\/\/gartenkoelsch.de\/wp-content\/uploads\/2016\/07\/Sonne-Mond-Kunstgenuss-31.jpg\" class=\"slide\" alt=\"Sonne, Mond und Kunstgenuss\"><\/a><a href=\"#\" target=\"_blank\"><img decoding=\"async\" id=\"slide-img-28\" src=\"http:\/\/gartenkoelsch.de\/wp-content\/uploads\/2016\/07\/Sonne-Mond-Kunstgenuss-33.jpg\" class=\"slide\" alt=\"Sonne, Mond und Kunstgenuss\"><\/a><a href=\"#\" target=\"_blank\"><img decoding=\"async\" id=\"slide-img-29\" src=\"http:\/\/gartenkoelsch.de\/wp-content\/uploads\/2016\/07\/Sonne-Mond-Kunstgenuss-33.jpg\" class=\"slide\" alt=\"Sonne, Mond und Kunstgenuss\"><\/a><div id=\"slide-controls\"><div id=\"slide-nav\"><\/div><p id=\"slide-client\" class=\"text\"><span><\/span><\/p><\/div><\/div><\/div><script type=\"text\/javascript\">if(!window.slider) var slider={};slider.anim=\"fade\";slider.fade_speed=700;slider.data=[{\"id\":\"slide-img-1\",\"client\":\"Sonne, Mond und Kunstgenuss\",\"desc\":\"\"},{\"id\":\"slide-img-2\",\"client\":\"Sonne, Mond und Kunstgenuss\",\"desc\":\"\"},{\"id\":\"slide-img-3\",\"client\":\"Sonne, Mond und Kunstgenuss\",\"desc\":\"\"},{\"id\":\"slide-img-4\",\"client\":\"Sonne, Mond und Kunstgenuss\",\"desc\":\"\"},{\"id\":\"slide-img-5\",\"client\":\"Sonne, Mond und Kunstgenuss\",\"desc\":\"\"},{\"id\":\"slide-img-6\",\"client\":\"Sonne, Mond und Kunstgenuss\",\"desc\":\"\"},{\"id\":\"slide-img-7\",\"client\":\"Sonne, Mond und Kunstgenuss\",\"desc\":\"\"},{\"id\":\"slide-img-8\",\"client\":\"Sonne, Mond und Kunstgenuss\",\"desc\":\"\"},{\"id\":\"slide-img-9\",\"client\":\"Sonne, Mond und Kunstgenuss\",\"desc\":\"\"},{\"id\":\"slide-img-10\",\"client\":\"Sonne, Mond und Kunstgenuss\",\"desc\":\"\"},{\"id\":\"slide-img-11\",\"client\":\"Sonne, Mond und Kunstgenuss\",\"desc\":\"\"},{\"id\":\"slide-img-12\",\"client\":\"Sonne, Mond und Kunstgenuss\",\"desc\":\"\"},{\"id\":\"slide-img-13\",\"client\":\"Sonne, Mond und Kunstgenuss\",\"desc\":\"\"},{\"id\":\"slide-img-14\",\"client\":\"Sonne, Mond und Kunstgenuss\",\"desc\":\"\"},{\"id\":\"slide-img-15\",\"client\":\"Sonne, Mond und Kunstgenuss\",\"desc\":\"\"},{\"id\":\"slide-img-16\",\"client\":\"Sonne, Mond und Kunstgenuss\",\"desc\":\"\"},{\"id\":\"slide-img-17\",\"client\":\"Sonne, Mond und Kunstgenuss\",\"desc\":\"\"},{\"id\":\"slide-img-18\",\"client\":\"Sonne, Mond und Kunstgenuss\",\"desc\":\"\"},{\"id\":\"slide-img-19\",\"client\":\"Sonne, Mond und Kunstgenuss\",\"desc\":\"\"},{\"id\":\"slide-img-20\",\"client\":\"Sonne, Mond und Kunstgenuss\",\"desc\":\"\"},{\"id\":\"slide-img-21\",\"client\":\"Sonne, Mond und Kunstgenuss\",\"desc\":\"\"},{\"id\":\"slide-img-22\",\"client\":\"Sonne, Mond und Kunstgenuss\",\"desc\":\"\"},{\"id\":\"slide-img-23\",\"client\":\"Sonne, Mond und Kunstgenuss\",\"desc\":\"\"},{\"id\":\"slide-img-24\",\"client\":\"Sonne, Mond und Kunstgenuss\",\"desc\":\"\"},{\"id\":\"slide-img-25\",\"client\":\"Sonne, Mond und Kunstgenuss\",\"desc\":\"\"},{\"id\":\"slide-img-26\",\"client\":\"Sonne, Mond und Kunstgenuss\",\"desc\":\"\"},{\"id\":\"slide-img-27\",\"client\":\"Sonne, Mond und Kunstgenuss\",\"desc\":\"\"},{\"id\":\"slide-img-28\",\"client\":\"Sonne, Mond und Kunstgenuss\",\"desc\":\"\"},{\"id\":\"slide-img-29\",\"client\":\"Sonne, Mond und Kunstgenuss\",\"desc\":\"\"}];<\/script> <\/div><\/div>\n<p>&nbsp;<\/p>\n<p>Gitarrenkl\u00e4nge und H\u00e4ppchen, Theater und Kunst. Am Samstag, 4. Juni, \u00f6ffnet der Garten K\u00f6lsch seine Pforten. Das B\u00fcrgerforum Steinernes Haus nimmt das B\u00fcdinger Weinfest auf dem Marktplatz zum Anlass, im wenige Schritte entfernten Staudengarten zu Gaumen- und Sinnesfreuden einzuladen. Im idyllischen Kleinod zwischen den Stadtmauern bietet das B\u00fcrgerfoum von mittags bis Mitternacht Genuss f\u00fcr alle Sinne. Was liegt n\u00e4her, als einen entspannten Juni-Samstag zwischen farbenpr\u00e4chtigen Beeten zu verbringen. Wenn der Abend die Stadt umarmt, steht ein H\u00f6hepunkt bevor: Dann werden Fackeln und Kerzen angez\u00fcndet, die die ehrw\u00fcrdige Kastanie, die Altstadtmauern und Festungst\u00fcrme in ein magisches Licht tauchen.<\/p>\n<p>Das Programm: <a href=\"http:\/\/gartenkoelsch.de\/wp-content\/uploads\/2016\/05\/Sonne-Mond-Kunstgenuss2.pdf\" target=\"_blank\">Sonne, Mond und Kunstgenuss<\/a><\/p>\n","protected":false},"excerpt":{"rendered":"<p>&nbsp; Gitarrenkl\u00e4nge und H\u00e4ppchen, Theater und Kunst. Am Samstag, 4. Juni, \u00f6ffnet der Garten K\u00f6lsch seine Pforten. Das B\u00fcrgerforum Steinernes Haus nimmt das B\u00fcdinger Weinfest auf dem Marktplatz zum Anlass, im wenige Schritte entfernten Staudengarten zu Gaumen- und Sinnesfreuden einzuladen. Im idyllischen Kleinod zwischen den Stadtmauern bietet das B\u00fcrgerfoum von mittags bis Mitternacht Genuss f\u00fcr [&hellip;]<\/p>\n","protected":false},"author":1,"featured_media":0,"parent":80,"menu_order":0,"comment_status":"closed","ping_status":"closed","template":"page-templates\/full-width.php","meta":{"footnotes":""},"class_list":["post-325","page","type-page","status-publish","hentry"],"_links":{"self":[{"href":"https:\/\/gartenkoelsch.de\/index.php?rest_route=\/wp\/v2\/pages\/325","targetHints":{"allow":["GET"]}}],"collection":[{"href":"https:\/\/gartenkoelsch.de\/index.php?rest_route=\/wp\/v2\/pages"}],"about":[{"href":"https:\/\/gartenkoelsch.de\/index.php?rest_route=\/wp\/v2\/types\/page"}],"author":[{"embeddable":true,"href":"https:\/\/gartenkoelsch.de\/index.php?rest_route=\/wp\/v2\/users\/1"}],"replies":[{"embeddable":true,"href":"https:\/\/gartenkoelsch.de\/index.php?rest_route=%2Fwp%2Fv2%2Fcomments&post=325"}],"version-history":[{"count":13,"href":"https:\/\/gartenkoelsch.de\/index.php?rest_route=\/wp\/v2\/pages\/325\/revisions"}],"predecessor-version":[{"id":432,"href":"https:\/\/gartenkoelsch.de\/index.php?rest_route=\/wp\/v2\/pages\/325\/revisions\/432"}],"up":[{"embeddable":true,"href":"https:\/\/gartenkoelsch.de\/index.php?rest_route=\/wp\/v2\/pages\/80"}],"wp:attachment":[{"href":"https:\/\/gartenkoelsch.de\/index.php?rest_route=%2Fwp%2Fv2%2Fmedia&parent=325"}],"curies":[{"name":"wp","href":"https:\/\/api.w.org\/{rel}","templated":true}]}}