{"id":344,"date":"2016-07-21T15:14:15","date_gmt":"2016-07-21T13:14:15","guid":{"rendered":"http:\/\/gartenkoelsch.de\/?page_id=344"},"modified":"2016-09-07T10:01:26","modified_gmt":"2016-09-07T08:01:26","slug":"vormerken-05-09-2017-helferfest","status":"publish","type":"page","link":"https:\/\/gartenkoelsch.de\/?page_id=344","title":{"rendered":"29.08.2016 Helferfest"},"content":{"rendered":"<p>Heute hatten wir unser Garten-K\u00f6lsch-Helferfest unter der Kastanie. Bei sch\u00f6nstem Wetter feierten 30 Einheimische mit etwa 10 Fl\u00fcchtlingen bei selbstgemachten Speisen und den bew\u00e4hrten Th\u00fcringer Bratw\u00fcrsten und B\u00fcdinger H\u00e4hnchen der Grillmeister Hagen und B\u00f6se. B\u00fcrgermeister und erste Stadtr\u00e4tin leisteten uns Gesellschaft.<\/p>\n<p>13 Jahre Helfergruppe, 10 Jahre Unterst\u00fctzung durch das B\u00fcrgerforum. Ein guter Grund zum Feiern!<br \/>\n<link rel=\"stylesheet\" href=\"https:\/\/gartenkoelsch.de\/wp-content\/plugins\/image-slider-with-description\/style\/style.css\" type=\"text\/css\" \/><style type=\"text\/css\"> div#header_hotslider div.wrap-ImgSlider { width:500px; margin:0 auto; text-align:left; } div#top div#nav { float:left; clear:both; width:500px; height:52px; margin:22px 0 0; } div#header_hotslider div.wrap-ImgSlider { height:375px; background:#f7f7f7; } div#header_hotslider div#slide-holder { width:500px; height:375px; position:absolute; } div#header_hotslider div#slide-holder div#slide-runner { top:0px; left:0px; width:500px; height:375px; overflow:hidden; position:absolute; } div#header_hotslider div#slide-holder div#slide-controls { left:0; top:10px; width:500px; height:46px; display:none; position:absolute; background:url(https:\/\/gartenkoelsch.de\/wp-content\/plugins\/image-slider-with-description\/images\/slide-bg.png) 0 0; }div#header_hotslider div#slide-holder div#slide-controls div#slide-nav { float:right; } p.textdesc { float:left; color:#fff; display:inline; font-size:10px; line-height:16px; margin:15px 0 0 20px; text-transform:uppercase; overflow:hidden; color:#000000; } div#header_hotslider div#slide-holder div#slide-controls div#slide-nav a { background-image:url(https:\/\/gartenkoelsch.de\/wp-content\/plugins\/image-slider-with-description\/images\/slide-nav-yellow.png); color:#fff; top:11px; position:relative; text-decoration: none; } <\/style> <div id=\"header_hotslider\"><div class=\"wrap-ImgSlider\"><div id=\"slide-holder\"><div id=\"slide-runner\"><a href=\"#\" target=\"_blank\"><img decoding=\"async\" id=\"slide-img-1\" src=\"http:\/\/gartenkoelsch.de\/wp-content\/uploads\/2016\/09\/P1100802.jpg\" class=\"slide\" alt=\"Helferfest 2016\"><\/a><a href=\"#\" target=\"_blank\"><img decoding=\"async\" id=\"slide-img-2\" src=\"http:\/\/gartenkoelsch.de\/wp-content\/uploads\/2016\/09\/P1100821.jpg\" class=\"slide\" alt=\"Helferfest 2016\"><\/a><a href=\"#\" target=\"_blank\"><img decoding=\"async\" id=\"slide-img-3\" src=\"http:\/\/gartenkoelsch.de\/wp-content\/uploads\/2016\/09\/P1100815.jpg\" class=\"slide\" alt=\"Helferfest 2016\"><\/a><div id=\"slide-controls\"><div id=\"slide-nav\"><\/div><p id=\"slide-client\" class=\"text\"><span><\/span><\/p><\/div><\/div><\/div><script type=\"text\/javascript\">if(!window.slider) var slider={};slider.anim=\"fade\";slider.fade_speed=600;slider.data=[{\"id\":\"slide-img-1\",\"client\":\"Helferfest 2016\",\"desc\":\"\"},{\"id\":\"slide-img-2\",\"client\":\"Helferfest 2016\",\"desc\":\"\"},{\"id\":\"slide-img-3\",\"client\":\"Helferfest 2016\",\"desc\":\"\"}];<\/script> <\/div><\/div><\/p>\n","protected":false},"excerpt":{"rendered":"<p>Heute hatten wir unser Garten-K\u00f6lsch-Helferfest unter der Kastanie. Bei sch\u00f6nstem Wetter feierten 30 Einheimische mit etwa 10 Fl\u00fcchtlingen bei selbstgemachten Speisen und den bew\u00e4hrten Th\u00fcringer Bratw\u00fcrsten und B\u00fcdinger H\u00e4hnchen der Grillmeister Hagen und B\u00f6se. B\u00fcrgermeister und erste Stadtr\u00e4tin leisteten uns Gesellschaft. 13 Jahre Helfergruppe, 10 Jahre Unterst\u00fctzung durch das B\u00fcrgerforum. Ein guter Grund zum Feiern!<\/p>\n","protected":false},"author":1,"featured_media":0,"parent":80,"menu_order":0,"comment_status":"closed","ping_status":"closed","template":"","meta":{"footnotes":""},"class_list":["post-344","page","type-page","status-publish","hentry"],"_links":{"self":[{"href":"https:\/\/gartenkoelsch.de\/index.php?rest_route=\/wp\/v2\/pages\/344","targetHints":{"allow":["GET"]}}],"collection":[{"href":"https:\/\/gartenkoelsch.de\/index.php?rest_route=\/wp\/v2\/pages"}],"about":[{"href":"https:\/\/gartenkoelsch.de\/index.php?rest_route=\/wp\/v2\/types\/page"}],"author":[{"embeddable":true,"href":"https:\/\/gartenkoelsch.de\/index.php?rest_route=\/wp\/v2\/users\/1"}],"replies":[{"embeddable":true,"href":"https:\/\/gartenkoelsch.de\/index.php?rest_route=%2Fwp%2Fv2%2Fcomments&post=344"}],"version-history":[{"count":7,"href":"https:\/\/gartenkoelsch.de\/index.php?rest_route=\/wp\/v2\/pages\/344\/revisions"}],"predecessor-version":[{"id":443,"href":"https:\/\/gartenkoelsch.de\/index.php?rest_route=\/wp\/v2\/pages\/344\/revisions\/443"}],"up":[{"embeddable":true,"href":"https:\/\/gartenkoelsch.de\/index.php?rest_route=\/wp\/v2\/pages\/80"}],"wp:attachment":[{"href":"https:\/\/gartenkoelsch.de\/index.php?rest_route=%2Fwp%2Fv2%2Fmedia&parent=344"}],"curies":[{"name":"wp","href":"https:\/\/api.w.org\/{rel}","templated":true}]}}