{"id":4,"date":"2015-03-10T17:18:29","date_gmt":"2015-03-10T16:18:29","guid":{"rendered":"http:\/\/gartenkoelsch.de\/gartenkoelsch\/?page_id=4"},"modified":"2016-05-13T21:05:47","modified_gmt":"2016-05-13T19:05:47","slug":"home","status":"publish","type":"page","link":"https:\/\/gartenkoelsch.de\/","title":{"rendered":"Willkommen im Garten K\u00f6lsch!"},"content":{"rendered":"<p><a href=\"http:\/\/gartenkoelsch.de\/wp-content\/uploads\/2015\/07\/P1000042a.png\"><img loading=\"lazy\" decoding=\"async\" class=\"alignnone size-full wp-image-236\" src=\"http:\/\/gartenkoelsch.de\/wp-content\/uploads\/2015\/07\/P1000042a.png\" alt=\"P1000042a\" width=\"1000\" height=\"313\" srcset=\"https:\/\/gartenkoelsch.de\/wp-content\/uploads\/2015\/07\/P1000042a.png 1000w, https:\/\/gartenkoelsch.de\/wp-content\/uploads\/2015\/07\/P1000042a-300x94.png 300w, https:\/\/gartenkoelsch.de\/wp-content\/uploads\/2015\/07\/P1000042a-624x195.png 624w\" sizes=\"auto, (max-width: 1000px) 100vw, 1000px\" \/><\/a><\/p>\n<p>Er ist l\u00e4ngst kein Geheimtipp mehr, der Garten K\u00f6lsch zwischen den Stadtmauern. Farbenfroh und vielf\u00e4ltig bl\u00fchen die Stauden hier von Fr\u00fchjahr bis Herbst. Einladend stehen die Ruheb\u00e4nke inmitten all der Bl\u00fctenpracht.<\/p>\n<p>Gartenliebhaber und Staudenkenner erleben anspruchsvolle gestalterische Gartenarchitektur und finden zugleich Anregungen f\u00fcr den eigenen Garten. Sowohl die Bewohner der Altstadt als auch die G\u00e4ste aus der Ferne l\u00e4dt der idyllische Ort zum Verweilen und Entspannen ein.<\/p>\n<p>Der Garten K\u00f6lsch ist durchgehend ge\u00f6ffnet.<\/p>\n<p><a href=\"http:\/\/gartenkoelsch.de\/wp-content\/uploads\/2015\/07\/GK_03-13_kl.pdf\" target=\"_blank\">Einen Flyer zum Download finden Sie hier.<\/a><\/p>\n","protected":false},"excerpt":{"rendered":"<p>Er ist l\u00e4ngst kein Geheimtipp mehr, der Garten K\u00f6lsch zwischen den Stadtmauern. Farbenfroh und vielf\u00e4ltig bl\u00fchen die Stauden hier von Fr\u00fchjahr bis Herbst. Einladend stehen die Ruheb\u00e4nke inmitten all der Bl\u00fctenpracht. Gartenliebhaber und Staudenkenner erleben anspruchsvolle gestalterische Gartenarchitektur und finden zugleich Anregungen f\u00fcr den eigenen Garten. Sowohl die Bewohner der Altstadt als auch die G\u00e4ste [&hellip;]<\/p>\n","protected":false},"author":1,"featured_media":0,"parent":0,"menu_order":1,"comment_status":"closed","ping_status":"closed","template":"page-templates\/front-page.php","meta":{"footnotes":""},"class_list":["post-4","page","type-page","status-publish","hentry"],"_links":{"self":[{"href":"https:\/\/gartenkoelsch.de\/index.php?rest_route=\/wp\/v2\/pages\/4","targetHints":{"allow":["GET"]}}],"collection":[{"href":"https:\/\/gartenkoelsch.de\/index.php?rest_route=\/wp\/v2\/pages"}],"about":[{"href":"https:\/\/gartenkoelsch.de\/index.php?rest_route=\/wp\/v2\/types\/page"}],"author":[{"embeddable":true,"href":"https:\/\/gartenkoelsch.de\/index.php?rest_route=\/wp\/v2\/users\/1"}],"replies":[{"embeddable":true,"href":"https:\/\/gartenkoelsch.de\/index.php?rest_route=%2Fwp%2Fv2%2Fcomments&post=4"}],"version-history":[{"count":19,"href":"https:\/\/gartenkoelsch.de\/index.php?rest_route=\/wp\/v2\/pages\/4\/revisions"}],"predecessor-version":[{"id":297,"href":"https:\/\/gartenkoelsch.de\/index.php?rest_route=\/wp\/v2\/pages\/4\/revisions\/297"}],"wp:attachment":[{"href":"https:\/\/gartenkoelsch.de\/index.php?rest_route=%2Fwp%2Fv2%2Fmedia&parent=4"}],"curies":[{"name":"wp","href":"https:\/\/api.w.org\/{rel}","templated":true}]}}