{"id":461,"date":"2018-01-16T10:36:32","date_gmt":"2018-01-16T09:36:32","guid":{"rendered":"http:\/\/gartenkoelsch.de\/?page_id=461"},"modified":"2018-01-16T14:51:41","modified_gmt":"2018-01-16T13:51:41","slug":"05-08-2017-ausflug","status":"publish","type":"page","link":"https:\/\/gartenkoelsch.de\/?page_id=461","title":{"rendered":"05.08.2017 Ausflug nach Ludwigshafen"},"content":{"rendered":"<p>Die Pflegegruppe hat diesen Tagesausflug nach Ludwigshafen zum Ebertpark und Eingang des Hauptfriedhofes gemacht. Dort hat uns Harald Sauer, G\u00e4rtnermeister der Stadt Ludwigshafen, durch die von ihm in den vergangenen Jahren gestalteten Pflanzfl\u00e4chen gef\u00fchrt. Mit gro\u00dfem Engagement und Fachwissen hat er die teilweise sehr langweiligen Gr\u00fcnfl\u00e4chen durch kreative Pflanzenkombinationen aufgewertet. Den Tag hat die Gruppe dann in Forst an der Weinstra\u00dfe ausklingen lassen.<\/p>\n<p><a href=\"http:\/\/gartenkoelsch.de\/wp-content\/uploads\/2018\/01\/FahrtLU2017-6.jpg\"><img loading=\"lazy\" decoding=\"async\" class=\"alignnone size-full wp-image-470\" src=\"http:\/\/gartenkoelsch.de\/wp-content\/uploads\/2018\/01\/FahrtLU2017-6.jpg\" alt=\"\" width=\"900\" height=\"601\" srcset=\"https:\/\/gartenkoelsch.de\/wp-content\/uploads\/2018\/01\/FahrtLU2017-6.jpg 900w, https:\/\/gartenkoelsch.de\/wp-content\/uploads\/2018\/01\/FahrtLU2017-6-300x200.jpg 300w, https:\/\/gartenkoelsch.de\/wp-content\/uploads\/2018\/01\/FahrtLU2017-6-768x513.jpg 768w, https:\/\/gartenkoelsch.de\/wp-content\/uploads\/2018\/01\/FahrtLU2017-6-624x417.jpg 624w\" sizes=\"auto, (max-width: 900px) 100vw, 900px\" \/><\/a><\/p>\n<p><a href=\"http:\/\/gartenkoelsch.de\/wp-content\/uploads\/2018\/01\/FahrtLU2017-5.jpg\"><img loading=\"lazy\" decoding=\"async\" class=\"alignnone size-full wp-image-469\" src=\"http:\/\/gartenkoelsch.de\/wp-content\/uploads\/2018\/01\/FahrtLU2017-5.jpg\" alt=\"\" width=\"900\" height=\"601\" srcset=\"https:\/\/gartenkoelsch.de\/wp-content\/uploads\/2018\/01\/FahrtLU2017-5.jpg 900w, https:\/\/gartenkoelsch.de\/wp-content\/uploads\/2018\/01\/FahrtLU2017-5-300x200.jpg 300w, https:\/\/gartenkoelsch.de\/wp-content\/uploads\/2018\/01\/FahrtLU2017-5-768x513.jpg 768w, https:\/\/gartenkoelsch.de\/wp-content\/uploads\/2018\/01\/FahrtLU2017-5-624x417.jpg 624w\" sizes=\"auto, (max-width: 900px) 100vw, 900px\" \/><\/a><\/p>\n<p><a href=\"http:\/\/gartenkoelsch.de\/wp-content\/uploads\/2018\/01\/FahrtLu2017-4.jpg\"><img loading=\"lazy\" decoding=\"async\" class=\"alignnone size-full wp-image-468\" src=\"http:\/\/gartenkoelsch.de\/wp-content\/uploads\/2018\/01\/FahrtLu2017-4.jpg\" alt=\"\" width=\"900\" height=\"601\" srcset=\"https:\/\/gartenkoelsch.de\/wp-content\/uploads\/2018\/01\/FahrtLu2017-4.jpg 900w, https:\/\/gartenkoelsch.de\/wp-content\/uploads\/2018\/01\/FahrtLu2017-4-300x200.jpg 300w, https:\/\/gartenkoelsch.de\/wp-content\/uploads\/2018\/01\/FahrtLu2017-4-768x513.jpg 768w, https:\/\/gartenkoelsch.de\/wp-content\/uploads\/2018\/01\/FahrtLu2017-4-624x417.jpg 624w\" sizes=\"auto, (max-width: 900px) 100vw, 900px\" \/><\/a><\/p>\n<p><a href=\"http:\/\/gartenkoelsch.de\/wp-content\/uploads\/2018\/01\/FahrtLU2017-3.jpg\"><img loading=\"lazy\" decoding=\"async\" class=\"alignnone size-full wp-image-467\" src=\"http:\/\/gartenkoelsch.de\/wp-content\/uploads\/2018\/01\/FahrtLU2017-3.jpg\" alt=\"\" width=\"900\" height=\"601\" srcset=\"https:\/\/gartenkoelsch.de\/wp-content\/uploads\/2018\/01\/FahrtLU2017-3.jpg 900w, https:\/\/gartenkoelsch.de\/wp-content\/uploads\/2018\/01\/FahrtLU2017-3-300x200.jpg 300w, https:\/\/gartenkoelsch.de\/wp-content\/uploads\/2018\/01\/FahrtLU2017-3-768x513.jpg 768w, https:\/\/gartenkoelsch.de\/wp-content\/uploads\/2018\/01\/FahrtLU2017-3-624x417.jpg 624w\" sizes=\"auto, (max-width: 900px) 100vw, 900px\" \/><\/a><\/p>\n<p><a href=\"http:\/\/gartenkoelsch.de\/wp-content\/uploads\/2018\/01\/FahrtLU2017-2.jpg\"><img loading=\"lazy\" decoding=\"async\" class=\"alignnone size-full wp-image-466\" src=\"http:\/\/gartenkoelsch.de\/wp-content\/uploads\/2018\/01\/FahrtLU2017-2.jpg\" alt=\"\" width=\"900\" height=\"601\" srcset=\"https:\/\/gartenkoelsch.de\/wp-content\/uploads\/2018\/01\/FahrtLU2017-2.jpg 900w, https:\/\/gartenkoelsch.de\/wp-content\/uploads\/2018\/01\/FahrtLU2017-2-300x200.jpg 300w, https:\/\/gartenkoelsch.de\/wp-content\/uploads\/2018\/01\/FahrtLU2017-2-768x513.jpg 768w, https:\/\/gartenkoelsch.de\/wp-content\/uploads\/2018\/01\/FahrtLU2017-2-624x417.jpg 624w\" sizes=\"auto, (max-width: 900px) 100vw, 900px\" \/><\/a><\/p>\n<p><a href=\"http:\/\/gartenkoelsch.de\/wp-content\/uploads\/2018\/01\/FahrtLU2017-1.jpg\"><img loading=\"lazy\" decoding=\"async\" class=\"alignnone size-full wp-image-465\" src=\"http:\/\/gartenkoelsch.de\/wp-content\/uploads\/2018\/01\/FahrtLU2017-1.jpg\" alt=\"\" width=\"900\" height=\"601\" srcset=\"https:\/\/gartenkoelsch.de\/wp-content\/uploads\/2018\/01\/FahrtLU2017-1.jpg 900w, https:\/\/gartenkoelsch.de\/wp-content\/uploads\/2018\/01\/FahrtLU2017-1-300x200.jpg 300w, https:\/\/gartenkoelsch.de\/wp-content\/uploads\/2018\/01\/FahrtLU2017-1-768x513.jpg 768w, https:\/\/gartenkoelsch.de\/wp-content\/uploads\/2018\/01\/FahrtLU2017-1-624x417.jpg 624w\" sizes=\"auto, (max-width: 900px) 100vw, 900px\" \/><\/a><\/p>\n","protected":false},"excerpt":{"rendered":"<p>Die Pflegegruppe hat diesen Tagesausflug nach Ludwigshafen zum Ebertpark und Eingang des Hauptfriedhofes gemacht. Dort hat uns Harald Sauer, G\u00e4rtnermeister der Stadt Ludwigshafen, durch die von ihm in den vergangenen Jahren gestalteten Pflanzfl\u00e4chen gef\u00fchrt. Mit gro\u00dfem Engagement und Fachwissen hat er die teilweise sehr langweiligen Gr\u00fcnfl\u00e4chen durch kreative Pflanzenkombinationen aufgewertet. Den Tag hat die Gruppe [&hellip;]<\/p>\n","protected":false},"author":1,"featured_media":0,"parent":80,"menu_order":0,"comment_status":"closed","ping_status":"closed","template":"","meta":{"footnotes":""},"class_list":["post-461","page","type-page","status-publish","hentry"],"_links":{"self":[{"href":"https:\/\/gartenkoelsch.de\/index.php?rest_route=\/wp\/v2\/pages\/461","targetHints":{"allow":["GET"]}}],"collection":[{"href":"https:\/\/gartenkoelsch.de\/index.php?rest_route=\/wp\/v2\/pages"}],"about":[{"href":"https:\/\/gartenkoelsch.de\/index.php?rest_route=\/wp\/v2\/types\/page"}],"author":[{"embeddable":true,"href":"https:\/\/gartenkoelsch.de\/index.php?rest_route=\/wp\/v2\/users\/1"}],"replies":[{"embeddable":true,"href":"https:\/\/gartenkoelsch.de\/index.php?rest_route=%2Fwp%2Fv2%2Fcomments&post=461"}],"version-history":[{"count":4,"href":"https:\/\/gartenkoelsch.de\/index.php?rest_route=\/wp\/v2\/pages\/461\/revisions"}],"predecessor-version":[{"id":483,"href":"https:\/\/gartenkoelsch.de\/index.php?rest_route=\/wp\/v2\/pages\/461\/revisions\/483"}],"up":[{"embeddable":true,"href":"https:\/\/gartenkoelsch.de\/index.php?rest_route=\/wp\/v2\/pages\/80"}],"wp:attachment":[{"href":"https:\/\/gartenkoelsch.de\/index.php?rest_route=%2Fwp%2Fv2%2Fmedia&parent=461"}],"curies":[{"name":"wp","href":"https:\/\/api.w.org\/{rel}","templated":true}]}}