{"id":9,"date":"2015-03-10T17:20:27","date_gmt":"2015-03-10T16:20:27","guid":{"rendered":"http:\/\/gartenkoelsch.de\/gartenkoelsch\/?page_id=9"},"modified":"2015-07-23T00:07:00","modified_gmt":"2015-07-22T22:07:00","slug":"gestaltung-und-bepflanzung","status":"publish","type":"page","link":"https:\/\/gartenkoelsch.de\/?page_id=9","title":{"rendered":"Gestaltung und Bepflanzung"},"content":{"rendered":"<p><a href=\"http:\/\/gartenkoelsch.de\/wp-content\/uploads\/2015\/03\/big_14051008_0_720-416.jpg\"><img loading=\"lazy\" decoding=\"async\" class=\"alignnone size-full wp-image-45\" src=\"http:\/\/gartenkoelsch.de\/wp-content\/uploads\/2015\/03\/big_14051008_0_720-416.jpg\" alt=\"big_14051008_0_720-416\" width=\"645\" height=\"309\" srcset=\"https:\/\/gartenkoelsch.de\/wp-content\/uploads\/2015\/03\/big_14051008_0_720-416.jpg 645w, https:\/\/gartenkoelsch.de\/wp-content\/uploads\/2015\/03\/big_14051008_0_720-416-300x144.jpg 300w\" sizes=\"auto, (max-width: 645px) 100vw, 645px\" \/><\/a><\/p>\n<p>Im Fr\u00fchjahr 2003 konnte der Garten nach Pl\u00e4nen der <em>Planungsgruppe Natur und Wohnen, Limeshain<\/em> als \u00f6ffentlicher Staudengarten eingeweiht werden. Die Bepflanzungsplanung wurde von Landschaftsarchitektin Anette Sch\u00f6tt, B\u00fcdingen erstellt. Er ist unter Einbeziehung der Gartenphilosophie seiner Vorbesitzerin, aber in der Formensprache unserer Zeit neu entstanden. Wege aus Basaltpflaster und Trockenmauern aus Sandstein erinnern an die fr\u00fchere Gestaltung, eine Stahlpergola und Stahlrankger\u00fcste in moderner Form zeigen verschiedene Kletterpflanzen. Die urspr\u00fcngliche Aufteilung des Gartens in einen intensiven Bereich mit Stauden und einen extensiven mit Obstb\u00e4umen und Wiese wurde beibehalten.<\/p>\n<p>Der Garten K\u00f6lsch weist unterschiedlichste Lebensbereiche auf: trockene Fl\u00e4chen oberhalb der Trockenmauer bis hin zu feuchten Freifl\u00e4chen im extensiven Teil des Gartens. Unter einer alten Kastanie gedeihen Stauden des Lebensbereiches Geh\u00f6lz\/Geh\u00f6lzrand,\u00a0in der Mitte der Anlage sind Beetstauden nach unterschiedlichen Themen geordnet (z.B. Herbstbeet).<\/p>\n<p>Soweit m\u00f6glich, wurden die Stauden verwendet, die schon zu Lebzeiten von Frau K\u00f6lsch hier zu finden waren (eine ihrer Lieblingspflanzen war Phlox), allerdings geordnet nach den entsprechenden Lebensbereichen.<\/p>\n<p>Nat\u00fcrlich spielte bei der Auswahl der Stauden auch die Pflegeleichtigkeit eine Rolle. Der Schwerpunkt der Bl\u00fcte ist daher auch im Sp\u00e4tsommer, um zus\u00e4tzliche R\u00fcckschnittarbeiten zu vermeiden. Ein Besuch im Garten empfiehlt sich daher besonders Ende Juli, Anfang August.<\/p>\n","protected":false},"excerpt":{"rendered":"<p>Im Fr\u00fchjahr 2003 konnte der Garten nach Pl\u00e4nen der Planungsgruppe Natur und Wohnen, Limeshain als \u00f6ffentlicher Staudengarten eingeweiht werden. Die Bepflanzungsplanung wurde von Landschaftsarchitektin Anette Sch\u00f6tt, B\u00fcdingen erstellt. Er ist unter Einbeziehung der Gartenphilosophie seiner Vorbesitzerin, aber in der Formensprache unserer Zeit neu entstanden. Wege aus Basaltpflaster und Trockenmauern aus Sandstein erinnern an die fr\u00fchere [&hellip;]<\/p>\n","protected":false},"author":1,"featured_media":0,"parent":0,"menu_order":0,"comment_status":"closed","ping_status":"closed","template":"","meta":{"footnotes":""},"class_list":["post-9","page","type-page","status-publish","hentry"],"_links":{"self":[{"href":"https:\/\/gartenkoelsch.de\/index.php?rest_route=\/wp\/v2\/pages\/9","targetHints":{"allow":["GET"]}}],"collection":[{"href":"https:\/\/gartenkoelsch.de\/index.php?rest_route=\/wp\/v2\/pages"}],"about":[{"href":"https:\/\/gartenkoelsch.de\/index.php?rest_route=\/wp\/v2\/types\/page"}],"author":[{"embeddable":true,"href":"https:\/\/gartenkoelsch.de\/index.php?rest_route=\/wp\/v2\/users\/1"}],"replies":[{"embeddable":true,"href":"https:\/\/gartenkoelsch.de\/index.php?rest_route=%2Fwp%2Fv2%2Fcomments&post=9"}],"version-history":[{"count":6,"href":"https:\/\/gartenkoelsch.de\/index.php?rest_route=\/wp\/v2\/pages\/9\/revisions"}],"predecessor-version":[{"id":251,"href":"https:\/\/gartenkoelsch.de\/index.php?rest_route=\/wp\/v2\/pages\/9\/revisions\/251"}],"wp:attachment":[{"href":"https:\/\/gartenkoelsch.de\/index.php?rest_route=%2Fwp%2Fv2%2Fmedia&parent=9"}],"curies":[{"name":"wp","href":"https:\/\/api.w.org\/{rel}","templated":true}]}}